{"id":41,"date":"2015-03-04T19:11:55","date_gmt":"2015-03-04T17:11:55","guid":{"rendered":"http:\/\/insemnari.grigore.ro\/?page_id=41"},"modified":"2015-03-05T16:25:40","modified_gmt":"2015-03-05T14:25:40","slug":"blog","status":"publish","type":"page","link":"https:\/\/insemnari.grigore.ro\/?page_id=41","title":{"rendered":"Blog"},"content":{"rendered":"<p>[et_pb_section fullwidth=&#8221;on&#8221; specialty=&#8221;off&#8221; background_color=&#8221;#2ea3f2&#8243; inner_shadow=&#8221;on&#8221; parallax=&#8221;off&#8221;][et_pb_fullwidth_header admin_label=&#8221;Fullwidth Header&#8221; title=&#8221;\u00censemn\u0103rile unui om obi\u0219nuit&#8221; subhead=&#8221;EDUCA\u021aIA E CEEA CE R\u0102M\u00c2NE DUP\u0102 CE AI UITAT TOT CE AI \u00ceNV\u0102\u021aAT LA \u0218COAL\u0102 (A. EINSTEIN)&#8221; background_layout=&#8221;dark&#8221; text_orientation=&#8221;left&#8221; \/][\/et_pb_section][et_pb_section fullwidth=&#8221;off&#8221; specialty=&#8221;on&#8221;][et_pb_column type=&#8221;3_4&#8243; specialty_columns=&#8221;3&#8243;][et_pb_row_inner][et_pb_column_inner type=&#8221;4_4&#8243;][et_pb_blog admin_label=&#8221;Blog&#8221; fullwidth=&#8221;on&#8221; posts_number=&#8221;6&#8243; meta_date=&#8221;M j, Y&#8221; show_thumbnail=&#8221;on&#8221; show_content=&#8221;off&#8221; show_author=&#8221;off&#8221; show_date=&#8221;on&#8221; show_categories=&#8221;on&#8221; show_pagination=&#8221;on&#8221; background_layout=&#8221;light&#8221; include_categories=&#8221;6,3,4,5&#8243; show_more=&#8221;off&#8221; offset_number=&#8221;0&#8243; \/][\/et_pb_column_inner][\/et_pb_row_inner][\/et_pb_column][et_pb_column type=&#8221;1_4&#8243;][et_pb_sidebar admin_label=&#8221;Sidebar&#8221; orientation=&#8221;right&#8221; area=&#8221;sidebar-1&#8243; background_layout=&#8221;light&#8221; \/][\/et_pb_column][\/et_pb_section]<\/p>\n","protected":false},"excerpt":{"rendered":"<p>[et_pb_section fullwidth=&#8221;on&#8221; specialty=&#8221;off&#8221; background_color=&#8221;#2ea3f2&#8243; inner_shadow=&#8221;on&#8221; parallax=&#8221;off&#8221;][et_pb_fullwidth_header admin_label=&#8221;Fullwidth Header&#8221; title=&#8221;\u00censemn\u0103rile unui om obi\u0219nuit&#8221; subhead=&#8221;EDUCA\u021aIA E CEEA CE R\u0102M\u00c2NE DUP\u0102 CE AI UITAT TOT CE AI \u00ceNV\u0102\u021aAT LA \u0218COAL\u0102 (A. EINSTEIN)&#8221; background_layout=&#8221;dark&#8221; text_orientation=&#8221;left&#8221; \/][\/et_pb_section][et_pb_section fullwidth=&#8221;off&#8221; specialty=&#8221;on&#8221;][et_pb_column type=&#8221;3_4&#8243; specialty_columns=&#8221;3&#8243;][et_pb_row_inner][et_pb_column_inner type=&#8221;4_4&#8243;][et_pb_blog admin_label=&#8221;Blog&#8221; fullwidth=&#8221;on&#8221; posts_number=&#8221;6&#8243; meta_date=&#8221;M j, Y&#8221; show_thumbnail=&#8221;on&#8221; show_content=&#8221;off&#8221; show_author=&#8221;off&#8221; show_date=&#8221;on&#8221; show_categories=&#8221;on&#8221; show_pagination=&#8221;on&#8221; background_layout=&#8221;light&#8221; include_categories=&#8221;6,3,4,5&#8243; show_more=&#8221;off&#8221; offset_number=&#8221;0&#8243; \/][\/et_pb_column_inner][\/et_pb_row_inner][\/et_pb_column][et_pb_column type=&#8221;1_4&#8243;][et_pb_sidebar [&hellip;]<\/p>\n","protected":false},"author":1,"featured_media":0,"parent":0,"menu_order":0,"comment_status":"open","ping_status":"open","template":"","meta":{"_et_pb_use_builder":"on","_et_pb_old_content":"","jetpack_post_was_ever_published":false},"jetpack_sharing_enabled":true,"jetpack_shortlink":"https:\/\/wp.me\/P5QsNR-F","jetpack-related-posts":[{"id":43,"url":"https:\/\/insemnari.grigore.ro\/?page_id=43","url_meta":{"origin":41,"position":0},"title":"Despre mine","date":"04\/03\/2015","format":false,"excerpt":"M\u0103 numesc Gabriel Grigore \u0219i m-am n\u0103scut la Ia\u0219i la data de 18 Iunie 1968, undeva \u00een jurul orei 10.30 diminea\u021ba, iar istoria ie\u0219ean\u0103 a familiei mele merge \u00eenapoi \u00een\u2026","rel":"","context":"Similar post","img":{"alt_text":"","src":"","width":0,"height":0},"classes":[]}],"jetpack_likes_enabled":true,"_links":{"self":[{"href":"https:\/\/insemnari.grigore.ro\/index.php?rest_route=\/wp\/v2\/pages\/41"}],"collection":[{"href":"https:\/\/insemnari.grigore.ro\/index.php?rest_route=\/wp\/v2\/pages"}],"about":[{"href":"https:\/\/insemnari.grigore.ro\/index.php?rest_route=\/wp\/v2\/types\/page"}],"author":[{"embeddable":true,"href":"https:\/\/insemnari.grigore.ro\/index.php?rest_route=\/wp\/v2\/users\/1"}],"replies":[{"embeddable":true,"href":"https:\/\/insemnari.grigore.ro\/index.php?rest_route=%2Fwp%2Fv2%2Fcomments&post=41"}],"version-history":[{"count":9,"href":"https:\/\/insemnari.grigore.ro\/index.php?rest_route=\/wp\/v2\/pages\/41\/revisions"}],"predecessor-version":[{"id":3535,"href":"https:\/\/insemnari.grigore.ro\/index.php?rest_route=\/wp\/v2\/pages\/41\/revisions\/3535"}],"wp:attachment":[{"href":"https:\/\/insemnari.grigore.ro\/index.php?rest_route=%2Fwp%2Fv2%2Fmedia&parent=41"}],"curies":[{"name":"wp","href":"https:\/\/api.w.org\/{rel}","templated":true}]}}